{"id":11458,"date":"2025-04-12T10:36:35","date_gmt":"2025-04-12T10:36:35","guid":{"rendered":"https:\/\/decopaint.sn\/produit\/deco-fix-mur-abime-5-kg\/"},"modified":"2025-04-12T10:36:38","modified_gmt":"2025-04-12T10:36:38","slug":"deco-fix-mur-abime-5-kg","status":"publish","type":"product","link":"https:\/\/decopaint.sn\/en\/product\/deco-fix-mur-abime-5-kg\/","title":{"rendered":"D\u00e9co fix mur ab\u00eem\u00e9 5 kg"},"content":{"rendered":"","protected":false},"excerpt":{"rendered":"","protected":false},"featured_media":11457,"comment_status":"open","ping_status":"closed","template":"","meta":[],"product_brand":[],"product_cat":[90],"product_tag":[],"class_list":{"0":"post-11458","1":"product","2":"type-product","3":"status-publish","4":"has-post-thumbnail","6":"product_cat-peinture","8":"first","9":"instock","10":"shipping-taxable","11":"purchasable","12":"product-type-simple"},"jetpack_sharing_enabled":true,"_links":{"self":[{"href":"https:\/\/decopaint.sn\/en\/wp-json\/wp\/v2\/product\/11458","targetHints":{"allow":["GET"]}}],"collection":[{"href":"https:\/\/decopaint.sn\/en\/wp-json\/wp\/v2\/product"}],"about":[{"href":"https:\/\/decopaint.sn\/en\/wp-json\/wp\/v2\/types\/product"}],"replies":[{"embeddable":true,"href":"https:\/\/decopaint.sn\/en\/wp-json\/wp\/v2\/comments?post=11458"}],"version-history":[{"count":0,"href":"https:\/\/decopaint.sn\/en\/wp-json\/wp\/v2\/product\/11458\/revisions"}],"wp:featuredmedia":[{"embeddable":true,"href":"https:\/\/decopaint.sn\/en\/wp-json\/wp\/v2\/media\/11457"}],"wp:attachment":[{"href":"https:\/\/decopaint.sn\/en\/wp-json\/wp\/v2\/media?parent=11458"}],"wp:term":[{"taxonomy":"product_brand","embeddable":true,"href":"https:\/\/decopaint.sn\/en\/wp-json\/wp\/v2\/product_brand?post=11458"},{"taxonomy":"product_cat","embeddable":true,"href":"https:\/\/decopaint.sn\/en\/wp-json\/wp\/v2\/product_cat?post=11458"},{"taxonomy":"product_tag","embeddable":true,"href":"https:\/\/decopaint.sn\/en\/wp-json\/wp\/v2\/product_tag?post=11458"}],"curies":[{"name":"wp","href":"https:\/\/api.w.org\/{rel}","templated":true}]}}