{"id":11537,"date":"2025-04-12T15:27:16","date_gmt":"2025-04-12T15:27:16","guid":{"rendered":"https:\/\/decopaint.sn\/produit\/deco-etancheite-transparente-17l\/"},"modified":"2025-04-12T15:27:18","modified_gmt":"2025-04-12T15:27:18","slug":"deco-etancheite-transparente-17l","status":"publish","type":"product","link":"https:\/\/decopaint.sn\/en\/product\/deco-etancheite-transparente-17l\/","title":{"rendered":"D\u00e9co \u00c9tanch\u00e9it\u00e9 transparente 17l"},"content":{"rendered":"","protected":false},"excerpt":{"rendered":"","protected":false},"featured_media":11536,"comment_status":"open","ping_status":"closed","template":"","meta":[],"product_brand":[],"product_cat":[90],"product_tag":[],"class_list":{"0":"post-11537","1":"product","2":"type-product","3":"status-publish","4":"has-post-thumbnail","6":"product_cat-peinture","8":"first","9":"instock","10":"shipping-taxable","11":"purchasable","12":"product-type-simple"},"jetpack_sharing_enabled":true,"_links":{"self":[{"href":"https:\/\/decopaint.sn\/en\/wp-json\/wp\/v2\/product\/11537","targetHints":{"allow":["GET"]}}],"collection":[{"href":"https:\/\/decopaint.sn\/en\/wp-json\/wp\/v2\/product"}],"about":[{"href":"https:\/\/decopaint.sn\/en\/wp-json\/wp\/v2\/types\/product"}],"replies":[{"embeddable":true,"href":"https:\/\/decopaint.sn\/en\/wp-json\/wp\/v2\/comments?post=11537"}],"version-history":[{"count":0,"href":"https:\/\/decopaint.sn\/en\/wp-json\/wp\/v2\/product\/11537\/revisions"}],"wp:featuredmedia":[{"embeddable":true,"href":"https:\/\/decopaint.sn\/en\/wp-json\/wp\/v2\/media\/11536"}],"wp:attachment":[{"href":"https:\/\/decopaint.sn\/en\/wp-json\/wp\/v2\/media?parent=11537"}],"wp:term":[{"taxonomy":"product_brand","embeddable":true,"href":"https:\/\/decopaint.sn\/en\/wp-json\/wp\/v2\/product_brand?post=11537"},{"taxonomy":"product_cat","embeddable":true,"href":"https:\/\/decopaint.sn\/en\/wp-json\/wp\/v2\/product_cat?post=11537"},{"taxonomy":"product_tag","embeddable":true,"href":"https:\/\/decopaint.sn\/en\/wp-json\/wp\/v2\/product_tag?post=11537"}],"curies":[{"name":"wp","href":"https:\/\/api.w.org\/{rel}","templated":true}]}}