{"id":12665,"date":"2025-08-20T13:41:19","date_gmt":"2025-08-20T13:41:19","guid":{"rendered":"https:\/\/decopaint.sn\/produit\/chessure-de-securite-coupe-new-psfs34\/"},"modified":"2025-08-20T13:41:22","modified_gmt":"2025-08-20T13:41:22","slug":"chessure-de-securite-coupe-new-psfs34","status":"publish","type":"product","link":"https:\/\/decopaint.sn\/en\/product\/chessure-de-securite-coupe-new-psfs34\/","title":{"rendered":"Chessure de s\u00e9curit\u00e9 coup\u00e9 New PSFS34"},"content":{"rendered":"","protected":false},"excerpt":{"rendered":"","protected":false},"featured_media":12664,"comment_status":"open","ping_status":"closed","template":"","meta":[],"product_brand":[],"product_cat":[93],"product_tag":[],"class_list":{"0":"post-12665","1":"product","2":"type-product","3":"status-publish","4":"has-post-thumbnail","6":"product_cat-prescott-tools","8":"first","9":"instock","10":"shipping-taxable","11":"purchasable","12":"product-type-simple"},"jetpack_sharing_enabled":true,"_links":{"self":[{"href":"https:\/\/decopaint.sn\/en\/wp-json\/wp\/v2\/product\/12665","targetHints":{"allow":["GET"]}}],"collection":[{"href":"https:\/\/decopaint.sn\/en\/wp-json\/wp\/v2\/product"}],"about":[{"href":"https:\/\/decopaint.sn\/en\/wp-json\/wp\/v2\/types\/product"}],"replies":[{"embeddable":true,"href":"https:\/\/decopaint.sn\/en\/wp-json\/wp\/v2\/comments?post=12665"}],"version-history":[{"count":0,"href":"https:\/\/decopaint.sn\/en\/wp-json\/wp\/v2\/product\/12665\/revisions"}],"wp:featuredmedia":[{"embeddable":true,"href":"https:\/\/decopaint.sn\/en\/wp-json\/wp\/v2\/media\/12664"}],"wp:attachment":[{"href":"https:\/\/decopaint.sn\/en\/wp-json\/wp\/v2\/media?parent=12665"}],"wp:term":[{"taxonomy":"product_brand","embeddable":true,"href":"https:\/\/decopaint.sn\/en\/wp-json\/wp\/v2\/product_brand?post=12665"},{"taxonomy":"product_cat","embeddable":true,"href":"https:\/\/decopaint.sn\/en\/wp-json\/wp\/v2\/product_cat?post=12665"},{"taxonomy":"product_tag","embeddable":true,"href":"https:\/\/decopaint.sn\/en\/wp-json\/wp\/v2\/product_tag?post=12665"}],"curies":[{"name":"wp","href":"https:\/\/api.w.org\/{rel}","templated":true}]}}