{"id":12719,"date":"2025-08-20T14:40:42","date_gmt":"2025-08-20T14:40:42","guid":{"rendered":"https:\/\/decopaint.sn\/produit\/melangeur-a-beton\/"},"modified":"2025-08-20T14:40:43","modified_gmt":"2025-08-20T14:40:43","slug":"melangeur-a-beton","status":"publish","type":"product","link":"https:\/\/decopaint.sn\/en\/product\/melangeur-a-beton\/","title":{"rendered":"M\u00e9langeur \u00e0 b\u00e9ton"},"content":{"rendered":"","protected":false},"excerpt":{"rendered":"","protected":false},"featured_media":12718,"comment_status":"open","ping_status":"closed","template":"","meta":[],"product_brand":[],"product_cat":[93],"product_tag":[],"class_list":{"0":"post-12719","1":"product","2":"type-product","3":"status-publish","4":"has-post-thumbnail","6":"product_cat-prescott-tools","8":"first","9":"instock","10":"shipping-taxable","11":"purchasable","12":"product-type-simple"},"jetpack_sharing_enabled":true,"_links":{"self":[{"href":"https:\/\/decopaint.sn\/en\/wp-json\/wp\/v2\/product\/12719","targetHints":{"allow":["GET"]}}],"collection":[{"href":"https:\/\/decopaint.sn\/en\/wp-json\/wp\/v2\/product"}],"about":[{"href":"https:\/\/decopaint.sn\/en\/wp-json\/wp\/v2\/types\/product"}],"replies":[{"embeddable":true,"href":"https:\/\/decopaint.sn\/en\/wp-json\/wp\/v2\/comments?post=12719"}],"version-history":[{"count":0,"href":"https:\/\/decopaint.sn\/en\/wp-json\/wp\/v2\/product\/12719\/revisions"}],"wp:featuredmedia":[{"embeddable":true,"href":"https:\/\/decopaint.sn\/en\/wp-json\/wp\/v2\/media\/12718"}],"wp:attachment":[{"href":"https:\/\/decopaint.sn\/en\/wp-json\/wp\/v2\/media?parent=12719"}],"wp:term":[{"taxonomy":"product_brand","embeddable":true,"href":"https:\/\/decopaint.sn\/en\/wp-json\/wp\/v2\/product_brand?post=12719"},{"taxonomy":"product_cat","embeddable":true,"href":"https:\/\/decopaint.sn\/en\/wp-json\/wp\/v2\/product_cat?post=12719"},{"taxonomy":"product_tag","embeddable":true,"href":"https:\/\/decopaint.sn\/en\/wp-json\/wp\/v2\/product_tag?post=12719"}],"curies":[{"name":"wp","href":"https:\/\/api.w.org\/{rel}","templated":true}]}}