{"id":12928,"date":"2025-08-21T14:48:50","date_gmt":"2025-08-21T14:48:50","guid":{"rendered":"https:\/\/decopaint.sn\/produit\/deco-coton-metallise\/"},"modified":"2025-08-21T14:48:53","modified_gmt":"2025-08-21T14:48:53","slug":"deco-coton-metallise","status":"publish","type":"product","link":"https:\/\/decopaint.sn\/en\/product\/deco-coton-metallise\/","title":{"rendered":"D\u00e9co coton m\u00e9tallis\u00e9"},"content":{"rendered":"","protected":false},"excerpt":{"rendered":"","protected":false},"featured_media":12927,"comment_status":"open","ping_status":"closed","template":"","meta":[],"product_brand":[],"product_cat":[92],"product_tag":[],"class_list":{"0":"post-12928","1":"product","2":"type-product","3":"status-publish","4":"has-post-thumbnail","6":"product_cat-outillage-peinture","8":"first","9":"instock","10":"shipping-taxable","11":"purchasable","12":"product-type-simple"},"jetpack_sharing_enabled":true,"_links":{"self":[{"href":"https:\/\/decopaint.sn\/en\/wp-json\/wp\/v2\/product\/12928","targetHints":{"allow":["GET"]}}],"collection":[{"href":"https:\/\/decopaint.sn\/en\/wp-json\/wp\/v2\/product"}],"about":[{"href":"https:\/\/decopaint.sn\/en\/wp-json\/wp\/v2\/types\/product"}],"replies":[{"embeddable":true,"href":"https:\/\/decopaint.sn\/en\/wp-json\/wp\/v2\/comments?post=12928"}],"version-history":[{"count":0,"href":"https:\/\/decopaint.sn\/en\/wp-json\/wp\/v2\/product\/12928\/revisions"}],"wp:featuredmedia":[{"embeddable":true,"href":"https:\/\/decopaint.sn\/en\/wp-json\/wp\/v2\/media\/12927"}],"wp:attachment":[{"href":"https:\/\/decopaint.sn\/en\/wp-json\/wp\/v2\/media?parent=12928"}],"wp:term":[{"taxonomy":"product_brand","embeddable":true,"href":"https:\/\/decopaint.sn\/en\/wp-json\/wp\/v2\/product_brand?post=12928"},{"taxonomy":"product_cat","embeddable":true,"href":"https:\/\/decopaint.sn\/en\/wp-json\/wp\/v2\/product_cat?post=12928"},{"taxonomy":"product_tag","embeddable":true,"href":"https:\/\/decopaint.sn\/en\/wp-json\/wp\/v2\/product_tag?post=12928"}],"curies":[{"name":"wp","href":"https:\/\/api.w.org\/{rel}","templated":true}]}}